{"id":4873,"date":"2021-08-13T10:49:10","date_gmt":"2021-08-13T08:49:10","guid":{"rendered":"http:\/\/jobs.united-coding.com\/?page_id=4873"},"modified":"2021-09-16T15:01:24","modified_gmt":"2021-09-16T13:01:24","slug":"entwickler-anforderungen","status":"publish","type":"page","link":"https:\/\/jobs.united-coding.com\/ru\/entwickler-anforderungen\/","title":{"rendered":"Entwickleranforderungen"},"content":{"rendered":"<div class=\"forminator-ui forminator-custom-form forminator-custom-form-4871 forminator-design--material  forminator_ajax\" data-forminator-render=\"0\" data-form=\"forminator-module-4871\" data-uid=\"69fb5423d5a92\"><br\/><\/div><form\n\t\t\t\tid=\"forminator-module-4871\"\n\t\t\t\tclass=\"forminator-ui forminator-custom-form forminator-custom-form-4871 forminator-design--material  forminator_ajax\"\n\t\t\t\tmethod=\"post\"\n\t\t\t\tdata-forminator-render=\"0\"\n\t\t\t\tdata-form-id=\"4871\"\n\t\t\t\t\n\t\t\t\tdata-design=\"material\"\n\t\t\t\t\n\t\t\t\t\n\t\t\t\t\n\t\t\t\tdata-grid=\"open\"\n\t\t\t\t\n\t\t\t\t\n\t\t\t\tstyle=\"display: none;\"\n\t\t\t\t\n\t\t\t\tdata-uid=\"69fb5423d5a92\" action=\"\"\n\t\t\t><div role=\"alert\" aria-live=\"polite\" class=\"forminator-response-message forminator-error\" aria-hidden=\"true\"><\/div><div class=\"forminator-row\"><div id=\"name-1\" class=\"forminator-field-name forminator-col forminator-col-6\"><div class=\"forminator-field\"><label for=\"forminator-field-name-1_69fb5423d5a92\" class=\"forminator-label\" id=\"forminator-field-name-1_69fb5423d5a92-label\">Vorname <span class=\"forminator-required\">*<\/span><\/label><input type=\"text\" name=\"name-1\" value=\"\" placeholder=\"\" id=\"forminator-field-name-1_69fb5423d5a92\" class=\"forminator-input forminator-name--field\" aria-required=\"true\" \/><\/div><\/div><div id=\"name-2\" class=\"forminator-field-name forminator-col forminator-col-6\"><div class=\"forminator-field\"><label for=\"forminator-field-name-2_69fb5423d5a92\" class=\"forminator-label\" id=\"forminator-field-name-2_69fb5423d5a92-label\">Nachname <span class=\"forminator-required\">*<\/span><\/label><input type=\"text\" name=\"name-2\" value=\"\" placeholder=\"\" id=\"forminator-field-name-2_69fb5423d5a92\" class=\"forminator-input forminator-name--field\" aria-required=\"true\" \/><\/div><\/div><\/div><div class=\"forminator-row\"><div id=\"email-1\" class=\"forminator-field-email forminator-col forminator-col-12\"><div class=\"forminator-field\"><label for=\"forminator-field-email-1_69fb5423d5a92\" class=\"forminator-label\" id=\"forminator-field-email-1_69fb5423d5a92-label\">\u0410\u0434\u0440\u0435\u0441 \u044d\u043b\u0435\u043a\u0442\u0440\u043e\u043d\u043d\u043e\u0439 \u043f\u043e\u0447\u0442\u044b <span class=\"forminator-required\">*<\/span><\/label><input type=\"email\" name=\"email-1\" value=\"\" placeholder=\"\" id=\"forminator-field-email-1_69fb5423d5a92\" class=\"forminator-input forminator-email--field\" data-required=\"true\" aria-required=\"true\" \/><\/div><\/div><\/div><div class=\"forminator-row\"><div id=\"select-1\" class=\"forminator-field-select forminator-col forminator-col-12\"><div class=\"forminator-field\"><label for=\"forminator-form-4871__field--select-1_69fb5423d5a92\" id=\"forminator-form-4871__field--select-1_69fb5423d5a92-label\" class=\"forminator-label\">Worauf bist Du spezialisiert?<\/label><select id=\"forminator-form-4871__field--select-1_69fb5423d5a92\" class=\"forminator-select--field forminator-select2\" data-required=\"\" name=\"select-1\" data-default-value=\"\" data-placeholder=\"\" data-search=\"false\" aria-labelledby=\"forminator-form-4871__field--select-1_69fb5423d5a92-label\" aria-describedby=\"forminator-form-4871__field--select-1_69fb5423d5a92-description\"><option value=\"symfony\"  data-calculation=\"0\">Symfony<\/option><option value=\"reactjs\"  data-calculation=\"0\">React.js<\/option><option value=\"javascript\"  data-calculation=\"0\">JavaScript<\/option><option value=\"angular\"  data-calculation=\"0\">\u0423\u0433\u043b\u043e\u0432\u043e\u0439<\/option><option value=\"java\"  data-calculation=\"0\">\u0414\u0436\u0430\u0432\u0430<\/option><option value=\"nodejs\"  data-calculation=\"0\">Node.js<\/option><option value=\"yii\"  data-calculation=\"0\">YII<\/option><option value=\"unity\"  data-calculation=\"0\">\u0415\u0434\u0438\u043d\u0441\u0442\u0432\u043e<\/option><option value=\"php\"  data-calculation=\"0\">PHP<\/option><option value=\"python\"  data-calculation=\"0\">Python<\/option><option value=\"vuejs\"  data-calculation=\"0\">Vue.js<\/option><option value=\"microsoftnet\"  data-calculation=\"0\">Microsoft.net<\/option><option value=\"xamarin\"  data-calculation=\"0\">Xamarin<\/option><option value=\"typo3\"  data-calculation=\"0\">Typo3<\/option><option value=\"swift\"  data-calculation=\"0\">\u0411\u044b\u0441\u0442\u0440\u044b\u0439<\/option><option value=\"drupal\"  data-calculation=\"0\">Drupal<\/option><option value=\"objectivec\"  data-calculation=\"0\">\u0426\u0435\u043b\u044c-C<\/option><option value=\"contao\"  data-calculation=\"0\">Contao<\/option><option value=\"shopware\"  data-calculation=\"0\">\u041f\u043e\u0441\u0443\u0434\u0430<\/option><option value=\"magento\"  data-calculation=\"0\">Magento<\/option><\/select><\/div><\/div><\/div><div class=\"forminator-row\"><div id=\"textarea-1\" class=\"forminator-field-textarea forminator-col forminator-col-12\"><div class=\"forminator-field\"><label for=\"forminator-field-textarea-1_69fb5423d5a92\" id=\"forminator-field-textarea-1_69fb5423d5a92-label\" class=\"forminator-label\">Du kannst Dich schnell in neue Systeme einarbeiten und arbeitest selbstst\u00e4ndig?<\/label><textarea name=\"textarea-1\" placeholder=\"\" id=\"forminator-field-textarea-1_69fb5423d5a92\" class=\"forminator-textarea\" rows=\"6\" style=\"min-height:140px;\" maxlength=\"180\" ><\/textarea><span id=\"forminator-field-textarea-1_69fb5423d5a92-description\" class=\"forminator-description\"><span data-limit=\"180\" data-type=\"characters\">0 \/ 180<\/span><\/span><\/div><\/div><\/div><div class=\"forminator-row\"><div id=\"textarea-2\" class=\"forminator-field-textarea forminator-col forminator-col-12\"><div class=\"forminator-field\"><label for=\"forminator-field-textarea-2_69fb5423d5a92\" id=\"forminator-field-textarea-2_69fb5423d5a92-label\" class=\"forminator-label\">\u041a\u0430\u043a\u043e\u0432\u044b \u0441\u0430\u043c\u044b\u0435 \u0440\u0430\u0437\u043d\u044b\u0435 \u0438\u0441\u0442\u043e\u0440\u0438\u0438 \u043f\u043e\u043b\u044c\u0437\u043e\u0432\u0430\u0442\u0435\u043b\u0435\u0439 \u0438 \u0432\u0441\u0435, \u0447\u0442\u043e \u043d\u0443\u0436\u043d\u043e \u0434\u043b\u044f \u0438\u0441\u0442\u043e\u0440\u0438\u0439?<\/label><textarea name=\"textarea-2\" placeholder=\"\" id=\"forminator-field-textarea-2_69fb5423d5a92\" class=\"forminator-textarea\" rows=\"6\" style=\"min-height:140px;\" ><\/textarea><\/div><\/div><\/div><div class=\"forminator-row\"><div id=\"textarea-3\" class=\"forminator-field-textarea forminator-col forminator-col-12\"><div class=\"forminator-field\"><label for=\"forminator-field-textarea-3_69fb5423d5a92\" id=\"forminator-field-textarea-3_69fb5423d5a92-label\" class=\"forminator-label\">Du verstehst schnell wo Du in der bestehenden Seiten-Struktur Deine Anpassungen integrieren musst?<\/label><textarea name=\"textarea-3\" placeholder=\"\" id=\"forminator-field-textarea-3_69fb5423d5a92\" class=\"forminator-textarea\" rows=\"6\" style=\"min-height:140px;\" ><\/textarea><\/div><\/div><\/div><div class=\"forminator-row\"><div id=\"textarea-4\" class=\"forminator-field-textarea forminator-col forminator-col-12\"><div class=\"forminator-field\"><label for=\"forminator-field-textarea-4_69fb5423d5a92\" id=\"forminator-field-textarea-4_69fb5423d5a92-label\" class=\"forminator-label\">Du kannst eine Aufgabe hinsichtlich Machbarkeit und Dauer sicher pr\u00fcfen und einsch\u00e4tzen?<\/label><textarea name=\"textarea-4\" placeholder=\"\" id=\"forminator-field-textarea-4_69fb5423d5a92\" class=\"forminator-textarea\" rows=\"6\" style=\"min-height:140px;\" ><\/textarea><\/div><\/div><\/div><div class=\"forminator-row\"><div id=\"textarea-5\" class=\"forminator-field-textarea forminator-col forminator-col-12\"><div class=\"forminator-field\"><label for=\"forminator-field-textarea-5_69fb5423d5a92\" id=\"forminator-field-textarea-5_69fb5423d5a92-label\" class=\"forminator-label\">Du kannst Dich schnell in eine bestehende Architektur hineinfinden?<\/label><textarea name=\"textarea-5\" placeholder=\"\" id=\"forminator-field-textarea-5_69fb5423d5a92\" class=\"forminator-textarea\" rows=\"6\" style=\"min-height:140px;\" ><\/textarea><\/div><\/div><\/div><div class=\"forminator-row\"><div id=\"textarea-6\" class=\"forminator-field-textarea forminator-col forminator-col-12\"><div class=\"forminator-field\"><label for=\"forminator-field-textarea-6_69fb5423d5a92\" id=\"forminator-field-textarea-6_69fb5423d5a92-label\" class=\"forminator-label\">Du bedenkst Sicherheits-Aspekte bei Deinen Anpassungen, ber\u00fccksichtigst Abh\u00e4ngikeiten und pr\u00fcfst vorhandene Kompatibilit\u00e4t?<\/label><textarea name=\"textarea-6\" placeholder=\"\" id=\"forminator-field-textarea-6_69fb5423d5a92\" class=\"forminator-textarea\" rows=\"6\" style=\"min-height:140px;\" ><\/textarea><\/div><\/div><\/div><div class=\"forminator-row\"><div id=\"textarea-7\" class=\"forminator-field-textarea forminator-col forminator-col-12\"><div class=\"forminator-field\"><label for=\"forminator-field-textarea-7_69fb5423d5a92\" id=\"forminator-field-textarea-7_69fb5423d5a92-label\" class=\"forminator-label\">Du pr\u00fcfst vorhandene Funktionen und Klassen um einen sich wiederholenden Code zu vermeiden?<\/label><textarea name=\"textarea-7\" placeholder=\"\" id=\"forminator-field-textarea-7_69fb5423d5a92\" class=\"forminator-textarea\" rows=\"6\" style=\"min-height:140px;\" ><\/textarea><\/div><\/div><\/div><div class=\"forminator-row\"><div id=\"textarea-8\" class=\"forminator-field-textarea forminator-col forminator-col-12\"><div class=\"forminator-field\"><label for=\"forminator-field-textarea-8_69fb5423d5a92\" id=\"forminator-field-textarea-8_69fb5423d5a92-label\" class=\"forminator-label\">Du k\u00fcmmerst Dich darum, Ausnahmef\u00e4lle Deiner Funktionen abzufangen?<\/label><textarea name=\"textarea-8\" placeholder=\"\" id=\"forminator-field-textarea-8_69fb5423d5a92\" class=\"forminator-textarea\" rows=\"6\" style=\"min-height:140px;\" ><\/textarea><\/div><\/div><\/div><div class=\"forminator-row\"><div id=\"textarea-9\" class=\"forminator-field-textarea forminator-col forminator-col-12\"><div class=\"forminator-field\"><label for=\"forminator-field-textarea-9_69fb5423d5a92\" id=\"forminator-field-textarea-9_69fb5423d5a92-label\" class=\"forminator-label\">Du testest Deine Anpassungen bevor Du diese zur Pr\u00fcfung freigibst?<\/label><textarea name=\"textarea-9\" placeholder=\"\" id=\"forminator-field-textarea-9_69fb5423d5a92\" class=\"forminator-textarea\" rows=\"6\" style=\"min-height:140px;\" ><\/textarea><\/div><\/div><\/div><div class=\"forminator-row\"><div id=\"textarea-10\" class=\"forminator-field-textarea forminator-col forminator-col-12\"><div class=\"forminator-field\"><label for=\"forminator-field-textarea-10_69fb5423d5a92\" id=\"forminator-field-textarea-10_69fb5423d5a92-label\" class=\"forminator-label\">Du kennst Dich gut mit GitHub aus?<\/label><textarea name=\"textarea-10\" placeholder=\"\" id=\"forminator-field-textarea-10_69fb5423d5a92\" class=\"forminator-textarea\" rows=\"6\" style=\"min-height:140px;\" ><\/textarea><\/div><\/div><\/div><input type=\"hidden\" name=\"referer_url\" value=\"\" \/><div class=\"forminator-row forminator-row-last\"><div class=\"forminator-col\"><div class=\"forminator-field\"><button class=\"forminator-button forminator-button-submit\"><span>Abschicken<\/span><span aria-hidden=\"true\"><\/span><\/button><\/div><\/div><\/div><input type=\"hidden\" id=\"forminator_nonce\" name=\"forminator_nonce\" value=\"2b46e69bec\" \/><input type=\"hidden\" name=\"_wp_http_referer\" value=\"\/ru\/wp-json\/wp\/v2\/pages\/4873\" \/><input type=\"hidden\" name=\"form_id\" value=\"4871\"><input type=\"hidden\" name=\"page_id\" value=\"4873\"><input type=\"hidden\" name=\"form_type\" value=\"default\"><input type=\"hidden\" name=\"current_url\" value=\"https:\/\/jobs.united-coding.com\/ru\/entwickler-anforderungen\/\"><input type=\"hidden\" name=\"render_id\" value=\"0\"><input type=\"hidden\" name=\"action\" value=\"forminator_submit_form_custom-forms\"><input type=\"hidden\" name=\"trp-form-language\" value=\"ru\"\/><\/form>","protected":false},"excerpt":{"rendered":"","protected":false},"author":25,"featured_media":0,"parent":0,"menu_order":0,"comment_status":"closed","ping_status":"closed","template":"","meta":{"footnotes":""},"class_list":["post-4873","page","type-page","status-publish","hentry"],"_links":{"self":[{"href":"https:\/\/jobs.united-coding.com\/ru\/wp-json\/wp\/v2\/pages\/4873","targetHints":{"allow":["GET"]}}],"collection":[{"href":"https:\/\/jobs.united-coding.com\/ru\/wp-json\/wp\/v2\/pages"}],"about":[{"href":"https:\/\/jobs.united-coding.com\/ru\/wp-json\/wp\/v2\/types\/page"}],"author":[{"embeddable":true,"href":"https:\/\/jobs.united-coding.com\/ru\/wp-json\/wp\/v2\/users\/25"}],"replies":[{"embeddable":true,"href":"https:\/\/jobs.united-coding.com\/ru\/wp-json\/wp\/v2\/comments?post=4873"}],"version-history":[{"count":3,"href":"https:\/\/jobs.united-coding.com\/ru\/wp-json\/wp\/v2\/pages\/4873\/revisions"}],"predecessor-version":[{"id":6281,"href":"https:\/\/jobs.united-coding.com\/ru\/wp-json\/wp\/v2\/pages\/4873\/revisions\/6281"}],"wp:attachment":[{"href":"https:\/\/jobs.united-coding.com\/ru\/wp-json\/wp\/v2\/media?parent=4873"}],"curies":[{"name":"wp","href":"https:\/\/api.w.org\/{rel}","templated":true}]}}