{"id":6279,"date":"2021-09-08T12:29:39","date_gmt":"2021-09-08T10:29:39","guid":{"rendered":"http:\/\/jobs.united-coding.com\/?page_id=6279"},"modified":"2021-09-09T11:12:33","modified_gmt":"2021-09-09T09:12:33","slug":"developer-requirements","status":"publish","type":"page","link":"https:\/\/jobs.united-coding.com\/de\/developer-requirements\/","title":{"rendered":"Entwickleranforderungen"},"content":{"rendered":"<div class=\"forminator-ui forminator-custom-form forminator-custom-form-4876 forminator-design--material  forminator_ajax\" data-forminator-render=\"0\" data-form=\"forminator-module-4876\" data-uid=\"69fb4301cd241\"><br\/><\/div><form\n\t\t\t\tid=\"forminator-module-4876\"\n\t\t\t\tclass=\"forminator-ui forminator-custom-form forminator-custom-form-4876 forminator-design--material  forminator_ajax\"\n\t\t\t\tmethod=\"post\"\n\t\t\t\tdata-forminator-render=\"0\"\n\t\t\t\tdata-form-id=\"4876\"\n\t\t\t\t\n\t\t\t\tdata-design=\"material\"\n\t\t\t\t\n\t\t\t\t\n\t\t\t\t\n\t\t\t\tdata-grid=\"open\"\n\t\t\t\t\n\t\t\t\t\n\t\t\t\tstyle=\"display: none;\"\n\t\t\t\t\n\t\t\t\tdata-uid=\"69fb4301cd241\" action=\"\"\n\t\t\t><div role=\"alert\" aria-live=\"polite\" class=\"forminator-response-message forminator-error\" aria-hidden=\"true\"><\/div><div class=\"forminator-row\"><div id=\"name-1\" class=\"forminator-field-name forminator-col forminator-col-6\"><div class=\"forminator-field\"><label for=\"forminator-field-name-1_69fb4301cd241\" class=\"forminator-label\" id=\"forminator-field-name-1_69fb4301cd241-label\">Vorname <span class=\"forminator-required\">*<\/span><\/label><input type=\"text\" name=\"name-1\" value=\"\" placeholder=\"\" id=\"forminator-field-name-1_69fb4301cd241\" class=\"forminator-input forminator-name--field\" aria-required=\"true\" \/><\/div><\/div><div id=\"name-2\" class=\"forminator-field-name forminator-col forminator-col-6\"><div class=\"forminator-field\"><label for=\"forminator-field-name-2_69fb4301cd241\" class=\"forminator-label\" id=\"forminator-field-name-2_69fb4301cd241-label\">Nachname <span class=\"forminator-required\">*<\/span><\/label><input type=\"text\" name=\"name-2\" value=\"\" placeholder=\"\" id=\"forminator-field-name-2_69fb4301cd241\" class=\"forminator-input forminator-name--field\" aria-required=\"true\" \/><\/div><\/div><\/div><div class=\"forminator-row\"><div id=\"email-1\" class=\"forminator-field-email forminator-col forminator-col-12\"><div class=\"forminator-field\"><label for=\"forminator-field-email-1_69fb4301cd241\" class=\"forminator-label\" id=\"forminator-field-email-1_69fb4301cd241-label\">E-Mail-Addresse <span class=\"forminator-required\">*<\/span><\/label><input type=\"email\" name=\"email-1\" value=\"\" placeholder=\"ZB john@doe.com\" id=\"forminator-field-email-1_69fb4301cd241\" class=\"forminator-input forminator-email--field\" data-required=\"1\" aria-required=\"true\" \/><\/div><\/div><\/div><div class=\"forminator-row\"><div id=\"select-1\" class=\"forminator-field-select forminator-col forminator-col-12\"><div class=\"forminator-field\"><label for=\"forminator-form-4876__field--select-1_69fb4301cd241\" id=\"forminator-form-4876__field--select-1_69fb4301cd241-label\" class=\"forminator-label\">Was ist Ihre Spezialisierung?<\/label><select id=\"forminator-form-4876__field--select-1_69fb4301cd241\" class=\"forminator-select--field forminator-select2\" data-required=\"\" name=\"select-1\" data-default-value=\"\" data-placeholder=\"\" data-search=\"false\" aria-labelledby=\"forminator-form-4876__field--select-1_69fb4301cd241-label\" aria-describedby=\"forminator-form-4876__field--select-1_69fb4301cd241-description\"><option value=\"symfony\"  data-calculation=\"0\">Symfony<\/option><option value=\"reactjs\"  data-calculation=\"0\">React.js<\/option><option value=\"javascript\"  data-calculation=\"0\">JavaScript<\/option><option value=\"angular\"  data-calculation=\"0\">Eckig<\/option><option value=\"java\"  data-calculation=\"0\">Java<\/option><option value=\"nodejs\"  data-calculation=\"0\">Node.js<\/option><option value=\"yii\"  data-calculation=\"0\">YII<\/option><option value=\"unity\"  data-calculation=\"0\">Einheit<\/option><option value=\"php\"  data-calculation=\"0\">PHP<\/option><option value=\"python\"  data-calculation=\"0\">Python<\/option><option value=\"vuejs\"  data-calculation=\"0\">Vue.js<\/option><option value=\"microsoftnet\"  data-calculation=\"0\">Microsoft.net<\/option><option value=\"xamarin\"  data-calculation=\"0\">Xamarin<\/option><option value=\"typo3\"  data-calculation=\"0\">Tippfehler3<\/option><option value=\"swift\"  data-calculation=\"0\">Schnell<\/option><option value=\"drupal\"  data-calculation=\"0\">Drupal<\/option><option value=\"objectivec\"  data-calculation=\"0\">Ziel c<\/option><option value=\"contao\"  data-calculation=\"0\">Contao<\/option><option value=\"shopware\"  data-calculation=\"0\">Shopware<\/option><option value=\"magento\"  data-calculation=\"0\">Magento<\/option><\/select><\/div><\/div><\/div><div class=\"forminator-row\"><div id=\"textarea-2\" class=\"forminator-field-textarea forminator-col forminator-col-12\"><div class=\"forminator-field\"><label for=\"forminator-field-textarea-2_69fb4301cd241\" id=\"forminator-field-textarea-2_69fb4301cd241-label\" class=\"forminator-label\">Ist Ihnen klar, was Storypoints sind?<\/label><textarea name=\"textarea-2\" placeholder=\"\" id=\"forminator-field-textarea-2_69fb4301cd241\" class=\"forminator-textarea\" rows=\"6\" style=\"min-height:140px;\" ><\/textarea><\/div><\/div><\/div><div class=\"forminator-row\"><div id=\"textarea-1\" class=\"forminator-field-textarea forminator-col forminator-col-12\"><div class=\"forminator-field\"><label for=\"forminator-field-textarea-1_69fb4301cd241\" id=\"forminator-field-textarea-1_69fb4301cd241-label\" class=\"forminator-label\">Verstehst du User-Stories?<\/label><textarea name=\"textarea-1\" placeholder=\"\" id=\"forminator-field-textarea-1_69fb4301cd241\" class=\"forminator-textarea\" rows=\"6\" style=\"min-height:140px;\" ><\/textarea><\/div><\/div><\/div><div class=\"forminator-row\"><div id=\"textarea-3\" class=\"forminator-field-textarea forminator-col forminator-col-12\"><div class=\"forminator-field\"><label for=\"forminator-field-textarea-3_69fb4301cd241\" id=\"forminator-field-textarea-3_69fb4301cd241-label\" class=\"forminator-label\">Pr\u00fcfen, verstehen und antworten Sie, wo im Code welche Anforderung implementiert werden muss, bevor Sie mit dem Codieren beginnen?<\/label><textarea name=\"textarea-3\" placeholder=\"\" id=\"forminator-field-textarea-3_69fb4301cd241\" class=\"forminator-textarea\" rows=\"6\" style=\"min-height:140px;\" ><\/textarea><\/div><\/div><\/div><div class=\"forminator-row\"><div id=\"textarea-4\" class=\"forminator-field-textarea forminator-col forminator-col-12\"><div class=\"forminator-field\"><label for=\"forminator-field-textarea-4_69fb4301cd241\" id=\"forminator-field-textarea-4_69fb4301cd241-label\" class=\"forminator-label\">\u00dcberpr\u00fcfen und verstehen Sie die Architektur in Bezug auf Abh\u00e4ngigkeiten eines bestimmten Projekts, bevor Sie beginnen und welche Architektur Sie kennen?<\/label><textarea name=\"textarea-4\" placeholder=\"\" id=\"forminator-field-textarea-4_69fb4301cd241\" class=\"forminator-textarea\" rows=\"6\" style=\"min-height:140px;\" ><\/textarea><\/div><\/div><\/div><div class=\"forminator-row\"><div id=\"textarea-5\" class=\"forminator-field-textarea forminator-col forminator-col-12\"><div class=\"forminator-field\"><label for=\"forminator-field-textarea-5_69fb4301cd241\" id=\"forminator-field-textarea-5_69fb4301cd241-label\" class=\"forminator-label\">Pr\u00fcfen Sie, ob gebrauchsfertiger Code verf\u00fcgbar ist, der von der Implementierung verwendet werden kann - bevor Sie mit dem Customizing beginnen?<\/label><textarea name=\"textarea-5\" placeholder=\"\" id=\"forminator-field-textarea-5_69fb4301cd241\" class=\"forminator-textarea\" rows=\"6\" style=\"min-height:140px;\" ><\/textarea><\/div><\/div><\/div><div class=\"forminator-row\"><div id=\"textarea-6\" class=\"forminator-field-textarea forminator-col forminator-col-12\"><div class=\"forminator-field\"><label for=\"forminator-field-textarea-6_69fb4301cd241\" id=\"forminator-field-textarea-6_69fb4301cd241-label\" class=\"forminator-label\">Was sind potenzielle Risiken, die den gegebenen Zeitplan beeinflussen?<\/label><textarea name=\"textarea-6\" placeholder=\"\" id=\"forminator-field-textarea-6_69fb4301cd241\" class=\"forminator-textarea\" rows=\"6\" style=\"min-height:140px;\" ><\/textarea><\/div><\/div><\/div><div class=\"forminator-row\"><div id=\"textarea-7\" class=\"forminator-field-textarea forminator-col forminator-col-12\"><div class=\"forminator-field\"><label for=\"forminator-field-textarea-7_69fb4301cd241\" id=\"forminator-field-textarea-7_69fb4301cd241-label\" class=\"forminator-label\">Welchem Codierungsstil folgen Sie in Sachen Sicherheit?<\/label><textarea name=\"textarea-7\" placeholder=\"\" id=\"forminator-field-textarea-7_69fb4301cd241\" class=\"forminator-textarea\" rows=\"6\" style=\"min-height:140px;\" ><\/textarea><\/div><\/div><\/div><div class=\"forminator-row\"><div id=\"textarea-8\" class=\"forminator-field-textarea forminator-col forminator-col-12\"><div class=\"forminator-field\"><label for=\"forminator-field-textarea-8_69fb4301cd241\" id=\"forminator-field-textarea-8_69fb4301cd241-label\" class=\"forminator-label\">Suchen Sie nach vorhandenen Codefunktionen oder -klassen, um zu vermeiden, dass Code wiederholt wird?<\/label><textarea name=\"textarea-8\" placeholder=\"\" id=\"forminator-field-textarea-8_69fb4301cd241\" class=\"forminator-textarea\" rows=\"6\" style=\"min-height:140px;\" ><\/textarea><\/div><\/div><\/div><div class=\"forminator-row\"><div id=\"textarea-9\" class=\"forminator-field-textarea forminator-col forminator-col-12\"><div class=\"forminator-field\"><label for=\"forminator-field-textarea-9_69fb4301cd241\" id=\"forminator-field-textarea-9_69fb4301cd241-label\" class=\"forminator-label\">Wie ist Ihre Programmiererfahrung in PHP-Symfony, wenn 1 schwach und 10 Senior Experte ist?<\/label><textarea name=\"textarea-9\" placeholder=\"\" id=\"forminator-field-textarea-9_69fb4301cd241\" class=\"forminator-textarea\" rows=\"6\" style=\"min-height:140px;\" ><\/textarea><\/div><\/div><\/div><div class=\"forminator-row\"><div id=\"textarea-10\" class=\"forminator-field-textarea forminator-col forminator-col-12\"><div class=\"forminator-field\"><label for=\"forminator-field-textarea-10_69fb4301cd241\" id=\"forminator-field-textarea-10_69fb4301cd241-label\" class=\"forminator-label\">Stimmen Sie in der Vergangenheit mit Ihren vorgegebenen Zeitpl\u00e4nen \u00fcberein und wie hoch ist Ihr erwarteter prozentualer Anteil der Nicht\u00fcbereinstimmung?<\/label><textarea name=\"textarea-10\" placeholder=\"\" id=\"forminator-field-textarea-10_69fb4301cd241\" class=\"forminator-textarea\" rows=\"6\" style=\"min-height:140px;\" ><\/textarea><\/div><\/div><\/div><div class=\"forminator-row\"><div id=\"textarea-11\" class=\"forminator-field-textarea forminator-col forminator-col-12\"><div class=\"forminator-field\"><label for=\"forminator-field-textarea-11_69fb4301cd241\" id=\"forminator-field-textarea-11_69fb4301cd241-label\" class=\"forminator-label\">F\u00fchren Sie Ausnahmebehandlungen und -tests durch (welchen Test f\u00fchren Sie aus), bevor Sie Code \u00fcbertragen?<\/label><textarea name=\"textarea-11\" placeholder=\"\" id=\"forminator-field-textarea-11_69fb4301cd241\" class=\"forminator-textarea\" rows=\"6\" style=\"min-height:140px;\" ><\/textarea><\/div><\/div><\/div><div class=\"forminator-row\"><div id=\"textarea-12\" class=\"forminator-field-textarea forminator-col forminator-col-12\"><div class=\"forminator-field\"><label for=\"forminator-field-textarea-12_69fb4301cd241\" id=\"forminator-field-textarea-12_69fb4301cd241-label\" class=\"forminator-label\">K\u00f6nnen Sie mit GitHub arbeiten?<\/label><textarea name=\"textarea-12\" placeholder=\"\" id=\"forminator-field-textarea-12_69fb4301cd241\" class=\"forminator-textarea\" rows=\"6\" style=\"min-height:140px;\" ><\/textarea><\/div><\/div><\/div><div class=\"forminator-row\"><div id=\"textarea-13\" class=\"forminator-field-textarea forminator-col forminator-col-12\"><div class=\"forminator-field\"><label for=\"forminator-field-textarea-13_69fb4301cd241\" id=\"forminator-field-textarea-13_69fb4301cd241-label\" class=\"forminator-label\">\u00dcberpr\u00fcfen Sie den Code, bevor Sie mit der Aufgabe beginnen?<\/label><textarea name=\"textarea-13\" placeholder=\"\" id=\"forminator-field-textarea-13_69fb4301cd241\" class=\"forminator-textarea\" rows=\"6\" style=\"min-height:140px;\" ><\/textarea><\/div><\/div><\/div><div class=\"forminator-row\"><div id=\"textarea-14\" class=\"forminator-field-textarea forminator-col forminator-col-12\"><div class=\"forminator-field\"><label for=\"forminator-field-textarea-14_69fb4301cd241\" id=\"forminator-field-textarea-14_69fb4301cd241-label\" class=\"forminator-label\">Bieten Sie einen festen und realistischen Zeitplan f\u00fcr eine bereitgestellte Aufgabe und entsprechen Sie im Allgemeinen den Erwartungen?<\/label><textarea name=\"textarea-14\" placeholder=\"\" id=\"forminator-field-textarea-14_69fb4301cd241\" class=\"forminator-textarea\" rows=\"6\" style=\"min-height:140px;\" ><\/textarea><\/div><\/div><\/div><div class=\"forminator-row\"><div id=\"textarea-15\" class=\"forminator-field-textarea forminator-col forminator-col-12\"><div class=\"forminator-field\"><label for=\"forminator-field-textarea-15_69fb4301cd241\" id=\"forminator-field-textarea-15_69fb4301cd241-label\" class=\"forminator-label\">Pr\u00fcfen, lesen und befolgen Sie die gegebene Systemrichtlinie vor der Implementierung?<\/label><textarea name=\"textarea-15\" placeholder=\"\" id=\"forminator-field-textarea-15_69fb4301cd241\" class=\"forminator-textarea\" rows=\"6\" style=\"min-height:140px;\" ><\/textarea><\/div><\/div><\/div><input type=\"hidden\" name=\"referer_url\" value=\"\" \/><div class=\"forminator-row forminator-row-last\"><div class=\"forminator-col\"><div class=\"forminator-field\"><button class=\"forminator-button forminator-button-submit\"><span>Senden <\/span><span aria-hidden=\"true\"><\/span><\/button><\/div><\/div><\/div><input type=\"hidden\" id=\"forminator_nonce\" name=\"forminator_nonce\" value=\"2b46e69bec\" \/><input type=\"hidden\" name=\"_wp_http_referer\" value=\"\/de\/wp-json\/wp\/v2\/pages\/6279\" \/><input type=\"hidden\" name=\"form_id\" value=\"4876\"><input type=\"hidden\" name=\"page_id\" value=\"6279\"><input type=\"hidden\" name=\"form_type\" value=\"default\"><input type=\"hidden\" name=\"current_url\" value=\"https:\/\/jobs.united-coding.com\/de\/developer-requirements\/\"><input type=\"hidden\" name=\"render_id\" value=\"0\"><input type=\"hidden\" name=\"action\" value=\"forminator_submit_form_custom-forms\"><input type=\"hidden\" name=\"trp-form-language\" value=\"de\"\/><\/form>","protected":false},"excerpt":{"rendered":"","protected":false},"author":25,"featured_media":0,"parent":0,"menu_order":0,"comment_status":"closed","ping_status":"closed","template":"","meta":{"footnotes":""},"class_list":["post-6279","page","type-page","status-publish","hentry"],"_links":{"self":[{"href":"https:\/\/jobs.united-coding.com\/de\/wp-json\/wp\/v2\/pages\/6279","targetHints":{"allow":["GET"]}}],"collection":[{"href":"https:\/\/jobs.united-coding.com\/de\/wp-json\/wp\/v2\/pages"}],"about":[{"href":"https:\/\/jobs.united-coding.com\/de\/wp-json\/wp\/v2\/types\/page"}],"author":[{"embeddable":true,"href":"https:\/\/jobs.united-coding.com\/de\/wp-json\/wp\/v2\/users\/25"}],"replies":[{"embeddable":true,"href":"https:\/\/jobs.united-coding.com\/de\/wp-json\/wp\/v2\/comments?post=6279"}],"version-history":[{"count":2,"href":"https:\/\/jobs.united-coding.com\/de\/wp-json\/wp\/v2\/pages\/6279\/revisions"}],"predecessor-version":[{"id":6282,"href":"https:\/\/jobs.united-coding.com\/de\/wp-json\/wp\/v2\/pages\/6279\/revisions\/6282"}],"wp:attachment":[{"href":"https:\/\/jobs.united-coding.com\/de\/wp-json\/wp\/v2\/media?parent=6279"}],"curies":[{"name":"wp","href":"https:\/\/api.w.org\/{rel}","templated":true}]}}